{"id":2062,"date":"2018-07-18T10:32:22","date_gmt":"2018-07-18T08:32:22","guid":{"rendered":"http:\/\/www.narminojardins.com\/?page_id=2062\/"},"modified":"2020-09-08T14:56:34","modified_gmt":"2020-09-08T12:56:34","slug":"our-specialties","status":"publish","type":"page","link":"https:\/\/www.narminojardins.com\/en\/our-specialties\/","title":{"rendered":"Our Specialties"},"content":{"rendered":"<p>Among our specialties most appreciated by clients are <a href=\"https:\/\/www.narminojardins.com\/nos-specialites\/mur-vegetal\/\">green walls<\/a> and green roofs. They represent a strong trend in urban landscapes, whose many inhabitants wish to bring the benefits of nature and ecology to the city. What better for that than to bring an abundance of plant life to the walls and roofs of our cities?<\/p>\n<p>We also possess the necessary expertise to complete all the construction work related to your <a href=\"https:\/\/www.narminojardins.com\/nos-specialites\/travaux-damenagement\/\">landscaping<\/a> needs: production of basins, walls, terraces, metalwork, etc&#8230; We will undertake the work ourselves or bring in specialized partner companies.<\/p>\n<p>What\u2019s more, we have the tools and expertise necessary for any <a href=\"https:\/\/www.narminojardins.com\/nos-specialites\/plantation-darbres\/\">transplanting or new planting of trees<\/a> you may require. As an example and proof of the quality of our work, we were chosen by the famous Jardin Exotique de Monaco to move their greenhouses to a new site!<\/p>\n<p>Of course, we are always well-prepared for the most frequently requested services, such as <a href=\"https:\/\/www.narminojardins.com\/nos-specialites\/arrosage-automatique\/\">automatic watering<\/a>, pruning, felling, grass cutting, maintaining grounds and all other <a href=\"https:\/\/www.narminojardins.com\/nos-specialites\/tous-travaux-de-jardinage\/\">gardening tasks<\/a>.<\/p>\n<div id='gallery-1' class='gallery galleryid-2062 gallery-columns-3 gallery-size-thumbnail'><figure class='gallery-item'>\n\t\t\t<div class='gallery-icon portrait'>\n\t\t\t\t<a href='https:\/\/www.narminojardins.com\/en\/our-specialties\/landscaping-construction\/545842_151361365004625_994923049_n-copie\/'><img loading=\"lazy\" decoding=\"async\" width=\"150\" height=\"150\" src=\"https:\/\/www.narminojardins.com\/wp-content\/uploads\/2017\/12\/bassin-pour-carpes-koi-4-150x150.jpg\" class=\"attachment-thumbnail size-thumbnail\" alt=\"Creation of a pool for Koi Carp\" aria-describedby=\"gallery-1-2085\" \/><\/a>\n\t\t\t<\/div>\n\t\t\t\t<figcaption class='wp-caption-text gallery-caption' id='gallery-1-2085'>\n\t\t\t\tCreation of a pool for Koi Carp\n\t\t\t\t<\/figcaption><\/figure><figure class='gallery-item'>\n\t\t\t<div class='gallery-icon portrait'>\n\t\t\t\t<a href='https:\/\/www.narminojardins.com\/en\/completed-projects\/the-greenhouses-of-the-jardin-exotique-de-monaco\/img_7978\/'><img loading=\"lazy\" decoding=\"async\" width=\"150\" height=\"150\" src=\"https:\/\/www.narminojardins.com\/wp-content\/uploads\/2017\/12\/nouvelles-serres-du-jardin-exotique-4-150x150.jpg\" class=\"attachment-thumbnail size-thumbnail\" alt=\"Installation of new greenhouses in the Exotic Garden\" aria-describedby=\"gallery-1-2214\" \/><\/a>\n\t\t\t<\/div>\n\t\t\t\t<figcaption class='wp-caption-text gallery-caption' id='gallery-1-2214'>\n\t\t\t\tInstallation of new greenhouses in the Exotic Garden\n\t\t\t\t<\/figcaption><\/figure><figure class='gallery-item'>\n\t\t\t<div class='gallery-icon portrait'>\n\t\t\t\t<a href='https:\/\/www.narminojardins.com\/en\/garden-and-green-space-design\/14368897_765882226885866_2198843510199186171_n\/'><img loading=\"lazy\" decoding=\"async\" width=\"150\" height=\"150\" src=\"https:\/\/www.narminojardins.com\/wp-content\/uploads\/2017\/11\/realisation-et-entretien-d-un-toit-terrasse-a-monaco-150x150.jpg\" class=\"attachment-thumbnail size-thumbnail\" alt=\"Realization and maintenance of a roof terrace in Monaco\" aria-describedby=\"gallery-1-2029\" \/><\/a>\n\t\t\t<\/div>\n\t\t\t\t<figcaption class='wp-caption-text gallery-caption' id='gallery-1-2029'>\n\t\t\t\tRealization and maintenance of a roof terrace in Monaco\n\t\t\t\t<\/figcaption><\/figure><figure class='gallery-item'>\n\t\t\t<div class='gallery-icon landscape'>\n\t\t\t\t<a href='https:\/\/www.narminojardins.com\/en\/our-specialties\/green-walls\/dsc01711\/'><img loading=\"lazy\" decoding=\"async\" width=\"150\" height=\"150\" src=\"https:\/\/www.narminojardins.com\/wp-content\/uploads\/2017\/11\/portions-murs-vegetaux-monaco-3-150x150.jpg\" class=\"attachment-thumbnail size-thumbnail\" alt=\"Portions of green walls in Monaco\" aria-describedby=\"gallery-1-2073\" \/><\/a>\n\t\t\t<\/div>\n\t\t\t\t<figcaption class='wp-caption-text gallery-caption' id='gallery-1-2073'>\n\t\t\t\tPortions of green walls in Monaco\n\t\t\t\t<\/figcaption><\/figure><figure class='gallery-item'>\n\t\t\t<div class='gallery-icon landscape'>\n\t\t\t\t<a href='https:\/\/www.narminojardins.com\/en\/our-specialties\/green-walls\/dsc01709\/'><img loading=\"lazy\" decoding=\"async\" width=\"150\" height=\"150\" src=\"https:\/\/www.narminojardins.com\/wp-content\/uploads\/2017\/11\/des-panneaux-d-un-mur-vegetal-2-150x150.jpg\" class=\"attachment-thumbnail size-thumbnail\" alt=\"Portions of green walls in Monaco\" aria-describedby=\"gallery-1-2071\" \/><\/a>\n\t\t\t<\/div>\n\t\t\t\t<figcaption class='wp-caption-text gallery-caption' id='gallery-1-2071'>\n\t\t\t\tPortions of green walls in Monaco\n\t\t\t\t<\/figcaption><\/figure><figure class='gallery-item'>\n\t\t\t<div class='gallery-icon portrait'>\n\t\t\t\t<a href='https:\/\/www.narminojardins.com\/en\/completed-projects\/the-greenhouses-of-the-jardin-exotique-de-monaco\/img_8061\/'><img loading=\"lazy\" decoding=\"async\" width=\"150\" height=\"150\" src=\"https:\/\/www.narminojardins.com\/wp-content\/uploads\/2017\/12\/amenagement-des-nouvelles-serres-du-jardin-exotique-150x150.jpg\" class=\"attachment-thumbnail size-thumbnail\" alt=\"Installation of new greenhouses in the Exotic Garden\" aria-describedby=\"gallery-1-2217\" \/><\/a>\n\t\t\t<\/div>\n\t\t\t\t<figcaption class='wp-caption-text gallery-caption' id='gallery-1-2217'>\n\t\t\t\tInstallation of new greenhouses in the Exotic Garden\n\t\t\t\t<\/figcaption><\/figure><figure class='gallery-item'>\n\t\t\t<div class='gallery-icon portrait'>\n\t\t\t\t<a href='https:\/\/www.narminojardins.com\/en\/realization-of-the-greening-of-the-le-stella-building-in-monaco\/img_7482-2\/'><img loading=\"lazy\" decoding=\"async\" width=\"150\" height=\"150\" src=\"https:\/\/www.narminojardins.com\/wp-content\/uploads\/2017\/12\/vegetalisation-de-l-immeuble-le-stella-a-monaco-150x150.jpg\" class=\"attachment-thumbnail size-thumbnail\" alt=\"Vegetation of the Stella building in Monaco\" aria-describedby=\"gallery-1-2363\" \/><\/a>\n\t\t\t<\/div>\n\t\t\t\t<figcaption class='wp-caption-text gallery-caption' id='gallery-1-2363'>\n\t\t\t\tV\u00e9g\u00e9talisation de l&#8217;immeuble le Stella \u00e0 Monaco\n\t\t\t\t<\/figcaption><\/figure><figure class='gallery-item'>\n\t\t\t<div class='gallery-icon landscape'>\n\t\t\t\t<a href='https:\/\/www.narminojardins.com\/en\/completed-projects\/the-greenhouses-of-the-jardin-exotique-de-monaco\/img_7176\/'><img loading=\"lazy\" decoding=\"async\" width=\"150\" height=\"150\" src=\"https:\/\/www.narminojardins.com\/wp-content\/uploads\/2017\/12\/vue-d-ensemble-des-nouvelles-serres-150x150.jpg\" class=\"attachment-thumbnail size-thumbnail\" alt=\"Installation of new greenhouses in the Exotic Garden\" aria-describedby=\"gallery-1-2218\" \/><\/a>\n\t\t\t<\/div>\n\t\t\t\t<figcaption class='wp-caption-text gallery-caption' id='gallery-1-2218'>\n\t\t\t\tInstallation of new greenhouses in the Exotic Garden\n\t\t\t\t<\/figcaption><\/figure><figure class='gallery-item'>\n\t\t\t<div class='gallery-icon landscape'>\n\t\t\t\t<a href='https:\/\/www.narminojardins.com\/en\/completed-projects\/bay-view\/img_2236\/'><img loading=\"lazy\" decoding=\"async\" width=\"150\" height=\"150\" src=\"https:\/\/www.narminojardins.com\/wp-content\/uploads\/2017\/11\/jardins-et-arbres-que-nous-entretenons-elagage-150x150.jpg\" class=\"attachment-thumbnail size-thumbnail\" alt=\"Gardens and trees we maintain (pruning)\" aria-describedby=\"gallery-1-2123\" \/><\/a>\n\t\t\t<\/div>\n\t\t\t\t<figcaption class='wp-caption-text gallery-caption' id='gallery-1-2123'>\n\t\t\t\tGardens and trees we maintain (pruning)\n\t\t\t\t<\/figcaption><\/figure><figure class='gallery-item'>\n\t\t\t<div class='gallery-icon landscape'>\n\t\t\t\t<a href='https:\/\/www.narminojardins.com\/en\/completed-projects\/bay-view\/img_2473\/'><img loading=\"lazy\" decoding=\"async\" width=\"150\" height=\"150\" src=\"https:\/\/www.narminojardins.com\/wp-content\/uploads\/2017\/11\/ambiance-minerale-et-plantes-grasses-dans-une-villa-dans-les-alentours-d-eze-sur-mer-150x150.jpg\" class=\"attachment-thumbnail size-thumbnail\" alt=\"Mineral atmosphere and herbs in a villa near Eze sur Mer\" aria-describedby=\"gallery-1-2190\" \/><\/a>\n\t\t\t<\/div>\n\t\t\t\t<figcaption class='wp-caption-text gallery-caption' id='gallery-1-2190'>\n\t\t\t\tMineral atmosphere and herbs in a villa near Eze sur Mer\n\t\t\t\t<\/figcaption><\/figure><figure class='gallery-item'>\n\t\t\t<div class='gallery-icon portrait'>\n\t\t\t\t<a href='https:\/\/www.narminojardins.com\/en\/our-specialties\/tree-planting\/phoenix-prosperi\/'><img loading=\"lazy\" decoding=\"async\" width=\"150\" height=\"150\" src=\"https:\/\/www.narminojardins.com\/wp-content\/uploads\/2017\/12\/un-palmier-phoenix-150x150.jpg\" class=\"attachment-thumbnail size-thumbnail\" alt=\"A phoenix palm\" aria-describedby=\"gallery-1-2097\" \/><\/a>\n\t\t\t<\/div>\n\t\t\t\t<figcaption class='wp-caption-text gallery-caption' id='gallery-1-2097'>\n\t\t\t\tA phoenix palm\n\t\t\t\t<\/figcaption><\/figure><figure class='gallery-item'>\n\t\t\t<div class='gallery-icon landscape'>\n\t\t\t\t<a href='https:\/\/www.narminojardins.com\/en\/completed-projects\/bay-view\/img_2468\/'><img loading=\"lazy\" decoding=\"async\" width=\"150\" height=\"150\" src=\"https:\/\/www.narminojardins.com\/wp-content\/uploads\/2017\/11\/travaux-d-amenagement-et-jardinage-150x150.jpg\" class=\"attachment-thumbnail size-thumbnail\" alt=\"Landscaping and gardening\" aria-describedby=\"gallery-1-2185\" \/><\/a>\n\t\t\t<\/div>\n\t\t\t\t<figcaption class='wp-caption-text gallery-caption' id='gallery-1-2185'>\n\t\t\t\tLandscaping and gardening\n\t\t\t\t<\/figcaption><\/figure><figure class='gallery-item'>\n\t\t\t<div class='gallery-icon landscape'>\n\t\t\t\t<a href='https:\/\/www.narminojardins.com\/en\/a-new-exceptional-achievement-in-monaco\/img_3114\/'><img loading=\"lazy\" decoding=\"async\" width=\"150\" height=\"150\" src=\"https:\/\/www.narminojardins.com\/wp-content\/uploads\/2017\/11\/facade-et-jardinieres-par-narmino-jardins-immeuble-la-petite-afrique-150x150.jpg\" class=\"attachment-thumbnail size-thumbnail\" alt=\"A beautiful new architectural building\" aria-describedby=\"gallery-1-2347\" \/><\/a>\n\t\t\t<\/div>\n\t\t\t\t<figcaption class='wp-caption-text gallery-caption' id='gallery-1-2347'>\n\t\t\t\tA beautiful new architectural building\n\t\t\t\t<\/figcaption><\/figure>\n\t\t<\/div>\n\n","protected":false},"excerpt":{"rendered":"<p>Among our specialties most appreciated by clients are green walls and green roofs. They represent a strong trend in urban landscapes, whose many inhabitants wish to bring the benefits of nature and ecology to the city. What better for that than to bring an abundance of plant life to the&#8230;<\/p>\n","protected":false},"author":1,"featured_media":0,"parent":0,"menu_order":0,"comment_status":"closed","ping_status":"closed","template":"","meta":{"footnotes":""},"class_list":["post-2062","page","type-page","status-publish","hentry"],"aioseo_notices":[],"amp_enabled":true,"_links":{"self":[{"href":"https:\/\/www.narminojardins.com\/en\/wp-json\/wp\/v2\/pages\/2062","targetHints":{"allow":["GET"]}}],"collection":[{"href":"https:\/\/www.narminojardins.com\/en\/wp-json\/wp\/v2\/pages"}],"about":[{"href":"https:\/\/www.narminojardins.com\/en\/wp-json\/wp\/v2\/types\/page"}],"author":[{"embeddable":true,"href":"https:\/\/www.narminojardins.com\/en\/wp-json\/wp\/v2\/users\/1"}],"replies":[{"embeddable":true,"href":"https:\/\/www.narminojardins.com\/en\/wp-json\/wp\/v2\/comments?post=2062"}],"version-history":[{"count":0,"href":"https:\/\/www.narminojardins.com\/en\/wp-json\/wp\/v2\/pages\/2062\/revisions"}],"wp:attachment":[{"href":"https:\/\/www.narminojardins.com\/en\/wp-json\/wp\/v2\/media?parent=2062"}],"curies":[{"name":"wp","href":"https:\/\/api.w.org\/{rel}","templated":true}]}}