{"id":2064,"date":"2018-07-18T10:33:36","date_gmt":"2018-07-18T08:33:36","guid":{"rendered":"http:\/\/www.narminojardins.com\/?page_id=2064\/"},"modified":"2018-07-19T22:59:32","modified_gmt":"2018-07-19T20:59:32","slug":"green-walls","status":"publish","type":"page","link":"https:\/\/www.narminojardins.com\/en\/our-specialties\/green-walls\/","title":{"rendered":"Green Walls"},"content":{"rendered":"<p>In collaboration with a manufacturer who produces panels, this innovative, cutting edge product allows you <strong>to cover your indoor or outdoor walls with vegetation<\/strong>. Our options are both <strong>ecological<\/strong> and <strong>aesthetically<\/strong> pleasing. In keeping with your preferences, we can come in for maintenance bi-annually for extensive vegetation (grasses and succulents) or more regularly for intensive vegetation (such as a traditional garden with several varieties of plants).<\/p>\n<p>As we are located in Monaco, we can provide design, installation, and maintenance services for your <strong>green walls<\/strong> in the Principality as well as the C\u00f4te d\u2019Azur, from Menton to Cannes, and even further if necessary.<\/p>\n<div id='gallery-1' class='gallery galleryid-2064 gallery-columns-3 gallery-size-thumbnail'><figure class='gallery-item'>\n\t\t\t<div class='gallery-icon landscape'>\n\t\t\t\t<a href='https:\/\/www.narminojardins.com\/en\/our-specialties\/green-walls\/dsc01717\/'><img loading=\"lazy\" decoding=\"async\" width=\"150\" height=\"150\" src=\"https:\/\/www.narminojardins.com\/wp-content\/uploads\/2017\/11\/un-mur-vegetal-a-monaco-150x150.jpg\" class=\"attachment-thumbnail size-thumbnail\" alt=\"A green wall in Monaco\" aria-describedby=\"gallery-1-2079\" \/><\/a>\n\t\t\t<\/div>\n\t\t\t\t<figcaption class='wp-caption-text gallery-caption' id='gallery-1-2079'>\n\t\t\t\tA green wall in Monaco\n\t\t\t\t<\/figcaption><\/figure><figure class='gallery-item'>\n\t\t\t<div class='gallery-icon landscape'>\n\t\t\t\t<a href='https:\/\/www.narminojardins.com\/en\/our-specialties\/green-walls\/dsc01709\/'><img loading=\"lazy\" decoding=\"async\" width=\"150\" height=\"150\" src=\"https:\/\/www.narminojardins.com\/wp-content\/uploads\/2017\/11\/des-panneaux-d-un-mur-vegetal-2-150x150.jpg\" class=\"attachment-thumbnail size-thumbnail\" alt=\"Portions of green walls in Monaco\" aria-describedby=\"gallery-1-2071\" \/><\/a>\n\t\t\t<\/div>\n\t\t\t\t<figcaption class='wp-caption-text gallery-caption' id='gallery-1-2071'>\n\t\t\t\tPortions of green walls in Monaco\n\t\t\t\t<\/figcaption><\/figure><figure class='gallery-item'>\n\t\t\t<div class='gallery-icon landscape'>\n\t\t\t\t<a href='https:\/\/www.narminojardins.com\/en\/our-specialties\/green-walls\/dsc01714\/'><img loading=\"lazy\" decoding=\"async\" width=\"150\" height=\"150\" src=\"https:\/\/www.narminojardins.com\/wp-content\/uploads\/2017\/11\/mur-vegetal-monaco-5-150x150.jpg\" class=\"attachment-thumbnail size-thumbnail\" alt=\"We create and maintain green walls\" aria-describedby=\"gallery-1-2076\" \/><\/a>\n\t\t\t<\/div>\n\t\t\t\t<figcaption class='wp-caption-text gallery-caption' id='gallery-1-2076'>\n\t\t\t\tWe create and maintain green walls\n\t\t\t\t<\/figcaption><\/figure><figure class='gallery-item'>\n\t\t\t<div class='gallery-icon portrait'>\n\t\t\t\t<a href='https:\/\/www.narminojardins.com\/en\/our-specialties\/green-walls\/dsc01705\/'><img loading=\"lazy\" decoding=\"async\" width=\"150\" height=\"150\" src=\"https:\/\/www.narminojardins.com\/wp-content\/uploads\/2017\/11\/mur-vegetal-en-facade-d-immeuble-150x150.jpg\" class=\"attachment-thumbnail size-thumbnail\" alt=\"Green wall in front of a building\" aria-describedby=\"gallery-1-2067\" \/><\/a>\n\t\t\t<\/div>\n\t\t\t\t<figcaption class='wp-caption-text gallery-caption' id='gallery-1-2067'>\n\t\t\t\tMur v\u00e9g\u00e9tal en fa\u00e7ade d&#8217;immeuble\n\t\t\t\t<\/figcaption><\/figure><figure class='gallery-item'>\n\t\t\t<div class='gallery-icon landscape'>\n\t\t\t\t<a href='https:\/\/www.narminojardins.com\/en\/our-specialties\/green-walls\/dsc01712\/'><img loading=\"lazy\" decoding=\"async\" width=\"150\" height=\"150\" src=\"https:\/\/www.narminojardins.com\/wp-content\/uploads\/2017\/11\/des-portions-de-murs-vegetaux-a-monaco-2-150x150.jpg\" class=\"attachment-thumbnail size-thumbnail\" alt=\"Portions of green walls in Monaco\" aria-describedby=\"gallery-1-2074\" \/><\/a>\n\t\t\t<\/div>\n\t\t\t\t<figcaption class='wp-caption-text gallery-caption' id='gallery-1-2074'>\n\t\t\t\tPortions of green walls in Monaco\n\t\t\t\t<\/figcaption><\/figure><figure class='gallery-item'>\n\t\t\t<div class='gallery-icon landscape'>\n\t\t\t\t<a href='https:\/\/www.narminojardins.com\/en\/our-specialties\/green-walls\/dsc01711\/'><img loading=\"lazy\" decoding=\"async\" width=\"150\" height=\"150\" src=\"https:\/\/www.narminojardins.com\/wp-content\/uploads\/2017\/11\/portions-murs-vegetaux-monaco-3-150x150.jpg\" class=\"attachment-thumbnail size-thumbnail\" alt=\"Portions of green walls in Monaco\" aria-describedby=\"gallery-1-2073\" \/><\/a>\n\t\t\t<\/div>\n\t\t\t\t<figcaption class='wp-caption-text gallery-caption' id='gallery-1-2073'>\n\t\t\t\tPortions of green walls in Monaco\n\t\t\t\t<\/figcaption><\/figure><figure class='gallery-item'>\n\t\t\t<div class='gallery-icon landscape'>\n\t\t\t\t<a href='https:\/\/www.narminojardins.com\/en\/our-specialties\/green-walls\/dsc01704\/'><img loading=\"lazy\" decoding=\"async\" width=\"150\" height=\"150\" src=\"https:\/\/www.narminojardins.com\/wp-content\/uploads\/2017\/11\/mur-vegetal-en-facade-d-immeuble-2-150x150.jpg\" class=\"attachment-thumbnail size-thumbnail\" alt=\"Green wall in front of a building\" aria-describedby=\"gallery-1-2066\" \/><\/a>\n\t\t\t<\/div>\n\t\t\t\t<figcaption class='wp-caption-text gallery-caption' id='gallery-1-2066'>\n\t\t\t\tGreen wall in front of a building\n\t\t\t\t<\/figcaption><\/figure><figure class='gallery-item'>\n\t\t\t<div class='gallery-icon landscape'>\n\t\t\t\t<a href='https:\/\/www.narminojardins.com\/en\/our-specialties\/green-walls\/dsc01706\/'><img loading=\"lazy\" decoding=\"async\" width=\"150\" height=\"150\" src=\"https:\/\/www.narminojardins.com\/wp-content\/uploads\/2017\/11\/panneaux-murs-vegetaux-2-150x150.jpg\" class=\"attachment-thumbnail size-thumbnail\" alt=\"A beautiful green wall we installed\" aria-describedby=\"gallery-1-2068\" \/><\/a>\n\t\t\t<\/div>\n\t\t\t\t<figcaption class='wp-caption-text gallery-caption' id='gallery-1-2068'>\n\t\t\t\tA beautiful green wall we installed\n\t\t\t\t<\/figcaption><\/figure><figure class='gallery-item'>\n\t\t\t<div class='gallery-icon landscape'>\n\t\t\t\t<a href='https:\/\/www.narminojardins.com\/en\/our-specialties\/green-walls\/dsc01707\/'><img loading=\"lazy\" decoding=\"async\" width=\"150\" height=\"150\" src=\"https:\/\/www.narminojardins.com\/wp-content\/uploads\/2017\/11\/panneaux-murs-vegetaux-150x150.jpg\" class=\"attachment-thumbnail size-thumbnail\" alt=\"A beautiful green wall we installed\" aria-describedby=\"gallery-1-2069\" \/><\/a>\n\t\t\t<\/div>\n\t\t\t\t<figcaption class='wp-caption-text gallery-caption' id='gallery-1-2069'>\n\t\t\t\tA beautiful green wall we installed\n\t\t\t\t<\/figcaption><\/figure><figure class='gallery-item'>\n\t\t\t<div class='gallery-icon landscape'>\n\t\t\t\t<a href='https:\/\/www.narminojardins.com\/en\/our-specialties\/green-walls\/dsc01710\/'><img loading=\"lazy\" decoding=\"async\" width=\"150\" height=\"150\" src=\"https:\/\/www.narminojardins.com\/wp-content\/uploads\/2017\/11\/des-panneaux-d-un-mur-vegetal-150x150.jpg\" class=\"attachment-thumbnail size-thumbnail\" alt=\"Portions of green walls in Monaco\" aria-describedby=\"gallery-1-2072\" \/><\/a>\n\t\t\t<\/div>\n\t\t\t\t<figcaption class='wp-caption-text gallery-caption' id='gallery-1-2072'>\n\t\t\t\tPortions of green walls in Monaco\n\t\t\t\t<\/figcaption><\/figure><figure class='gallery-item'>\n\t\t\t<div class='gallery-icon portrait'>\n\t\t\t\t<a href='https:\/\/www.narminojardins.com\/en\/our-specialties\/green-walls\/dsc01715\/'><img loading=\"lazy\" decoding=\"async\" width=\"150\" height=\"150\" src=\"https:\/\/www.narminojardins.com\/wp-content\/uploads\/2017\/11\/mur-vegetal-monaco-4-150x150.jpg\" class=\"attachment-thumbnail size-thumbnail\" alt=\"We create and maintain green walls\" aria-describedby=\"gallery-1-2077\" \/><\/a>\n\t\t\t<\/div>\n\t\t\t\t<figcaption class='wp-caption-text gallery-caption' id='gallery-1-2077'>\n\t\t\t\tWe create and maintain green walls\n\t\t\t\t<\/figcaption><\/figure><figure class='gallery-item'>\n\t\t\t<div class='gallery-icon landscape'>\n\t\t\t\t<a href='https:\/\/www.narminojardins.com\/en\/our-specialties\/green-walls\/dsc01718\/'><img loading=\"lazy\" decoding=\"async\" width=\"150\" height=\"150\" src=\"https:\/\/www.narminojardins.com\/wp-content\/uploads\/2017\/11\/un-mur-vegetal-a-monaco-2-150x150.jpg\" class=\"attachment-thumbnail size-thumbnail\" alt=\"A green wall in Monaco\" aria-describedby=\"gallery-1-2080\" \/><\/a>\n\t\t\t<\/div>\n\t\t\t\t<figcaption class='wp-caption-text gallery-caption' id='gallery-1-2080'>\n\t\t\t\tA green wall in Monaco\n\t\t\t\t<\/figcaption><\/figure>\n\t\t<\/div>\n\n<hr \/>\n<h3>Green Walls: For Whom? Why?<\/h3>\n<p><strong>Green walls<\/strong> are an extraordinary way to bring Nature into cities. This slice of the living, evolving world that grows on the buildings and walls of our cities brings well-being and serenity to residents and passers-by. Without taking aesthetics into account, which of course are essential, when given the choice between seeing day after day, either plants growing on walls or a slab of concrete, everyone\u2019s preference is obvious. Green walls also bring the seasons back to cities, where we sometimes no longer notice them&#8230;<\/p>\n<p>Installing <strong>green walls<\/strong> is not within the scope of just anybody. Other than the work of an aficionado who takes the time to do research before installing a green wall at home, on a trellis for example, the most complex projects \u2013 of interest to new building sites, for example \u2013 cannot be improvised. Since such projects may face numerous challenges, it is best to use the services of a <a href=\"https:\/\/www.narminojardins.com\/en\/our-areas-of-expertise\/a-landscape-architect-on-the-cote-dazur-06\/\">professional landscape architect<\/a> such as <a href=\"https:\/\/www.narminojardins.com\/en\/contact-us\/\">Narmino Jardins<\/a>, which has extensive experience in the sector.<\/p>\n<p>As the above images show, we regularly install green walls in <a href=\"https:\/\/www.narminojardins.com\/en\/our-areas-of-expertise\/a-monaco-gardener\/\">Monaco<\/a> and on the <a href=\"https:\/\/www.narminojardins.com\/en\/our-areas-of-expertise\/an-alpes-maritimes-06-gardener\/\">C\u00f4te d\u2019Azur<\/a>, and would be pleased to install one for you. We will analyze your situation so as to present you with the best options when advising you. We prefer to work with modular PVC panels, which are simple and inexpensive to maintain, easily adapted to all types of walls and require only a light metallic framework. We manage all aspects of the installation of every element of your green wall, including rails, hydrophilic sheets, gutters, water reserves, pumps, and irrigation stations.<\/p>\n<p>Click on this <a href=\"https:\/\/www.narminojardins.com\/en\/contact-us\/\">link<\/a> for more information.<\/p>\n","protected":false},"excerpt":{"rendered":"<p>In collaboration with a manufacturer who produces panels, this innovative, cutting edge product allows you to cover your indoor or outdoor walls with vegetation. Our options are both ecological and aesthetically pleasing. In keeping with your preferences, we can come in for maintenance bi-annually for extensive vegetation (grasses and succulents)&#8230;<\/p>\n","protected":false},"author":1,"featured_media":0,"parent":2062,"menu_order":0,"comment_status":"closed","ping_status":"closed","template":"","meta":{"footnotes":""},"class_list":["post-2064","page","type-page","status-publish","hentry"],"aioseo_notices":[],"amp_enabled":true,"_links":{"self":[{"href":"https:\/\/www.narminojardins.com\/en\/wp-json\/wp\/v2\/pages\/2064","targetHints":{"allow":["GET"]}}],"collection":[{"href":"https:\/\/www.narminojardins.com\/en\/wp-json\/wp\/v2\/pages"}],"about":[{"href":"https:\/\/www.narminojardins.com\/en\/wp-json\/wp\/v2\/types\/page"}],"author":[{"embeddable":true,"href":"https:\/\/www.narminojardins.com\/en\/wp-json\/wp\/v2\/users\/1"}],"replies":[{"embeddable":true,"href":"https:\/\/www.narminojardins.com\/en\/wp-json\/wp\/v2\/comments?post=2064"}],"version-history":[{"count":0,"href":"https:\/\/www.narminojardins.com\/en\/wp-json\/wp\/v2\/pages\/2064\/revisions"}],"up":[{"embeddable":true,"href":"https:\/\/www.narminojardins.com\/en\/wp-json\/wp\/v2\/pages\/2062"}],"wp:attachment":[{"href":"https:\/\/www.narminojardins.com\/en\/wp-json\/wp\/v2\/media?parent=2064"}],"curies":[{"name":"wp","href":"https:\/\/api.w.org\/{rel}","templated":true}]}}