{"id":2110,"date":"2018-07-18T10:42:25","date_gmt":"2018-07-18T08:42:25","guid":{"rendered":"http:\/\/www.narminojardins.com\/?page_id=2110\/"},"modified":"2018-07-19T13:47:18","modified_gmt":"2018-07-19T11:47:18","slug":"the-greenhouses-of-the-jardin-exotique-de-monaco","status":"publish","type":"page","link":"https:\/\/www.narminojardins.com\/en\/completed-projects\/the-greenhouses-of-the-jardin-exotique-de-monaco\/","title":{"rendered":"The Greenhouses of the Jardin Exotique de Monaco"},"content":{"rendered":"<p>In 2017, we executed the construction work for the Jardin Exotique de Monaco\u2019s new greenhouses. The task was especially challenging due to the configuration of the site. Below is a video of a transplantation of an olive tree weighing more than 20 tons.<\/p>\n<p><iframe loading=\"lazy\" width=\"790\" height=\"444\" src=\"https:\/\/www.youtube.com\/embed\/pN35pvde5pA?feature=oembed\" frameborder=\"0\" allow=\"autoplay; encrypted-media\" allowfullscreen><\/iframe><\/p>\n<p>Below are some photos of the new greenhouses while under construction.<\/p>\n<div id='gallery-1' class='gallery galleryid-2110 gallery-columns-3 gallery-size-thumbnail'><figure class='gallery-item'>\n\t\t\t<div class='gallery-icon portrait'>\n\t\t\t\t<a href='https:\/\/www.narminojardins.com\/en\/completed-projects\/the-greenhouses-of-the-jardin-exotique-de-monaco\/img_7177\/'><img loading=\"lazy\" decoding=\"async\" width=\"150\" height=\"150\" src=\"https:\/\/www.narminojardins.com\/wp-content\/uploads\/2017\/12\/narmino-jardins-au-travail-4-150x150.jpg\" class=\"attachment-thumbnail size-thumbnail\" alt=\"Installation of new greenhouses in the Exotic Garden\" aria-describedby=\"gallery-1-2225\" \/><\/a>\n\t\t\t<\/div>\n\t\t\t\t<figcaption class='wp-caption-text gallery-caption' id='gallery-1-2225'>\n\t\t\t\tInstallation of new greenhouses in the Exotic Garden\n\t\t\t\t<\/figcaption><\/figure><figure class='gallery-item'>\n\t\t\t<div class='gallery-icon portrait'>\n\t\t\t\t<a href='https:\/\/www.narminojardins.com\/en\/completed-projects\/the-greenhouses-of-the-jardin-exotique-de-monaco\/img_8061\/'><img loading=\"lazy\" decoding=\"async\" width=\"150\" height=\"150\" src=\"https:\/\/www.narminojardins.com\/wp-content\/uploads\/2017\/12\/amenagement-des-nouvelles-serres-du-jardin-exotique-150x150.jpg\" class=\"attachment-thumbnail size-thumbnail\" alt=\"Installation of new greenhouses in the Exotic Garden\" aria-describedby=\"gallery-1-2217\" \/><\/a>\n\t\t\t<\/div>\n\t\t\t\t<figcaption class='wp-caption-text gallery-caption' id='gallery-1-2217'>\n\t\t\t\tInstallation of new greenhouses in the Exotic Garden\n\t\t\t\t<\/figcaption><\/figure><figure class='gallery-item'>\n\t\t\t<div class='gallery-icon portrait'>\n\t\t\t\t<a href='https:\/\/www.narminojardins.com\/en\/completed-projects\/the-greenhouses-of-the-jardin-exotique-de-monaco\/img_8041\/'><img loading=\"lazy\" decoding=\"async\" width=\"150\" height=\"150\" src=\"https:\/\/www.narminojardins.com\/wp-content\/uploads\/2017\/12\/amenagement-des-nouvelles-serres-du-jardin-exotique-2-150x150.jpg\" class=\"attachment-thumbnail size-thumbnail\" alt=\"Installation of new greenhouses in the Exotic Garden\" aria-describedby=\"gallery-1-2216\" \/><\/a>\n\t\t\t<\/div>\n\t\t\t\t<figcaption class='wp-caption-text gallery-caption' id='gallery-1-2216'>\n\t\t\t\tAm\u00e9nagement des nouvelles serres du Jardin Exotique\n\t\t\t\t<\/figcaption><\/figure><figure class='gallery-item'>\n\t\t\t<div class='gallery-icon portrait'>\n\t\t\t\t<a href='https:\/\/www.narminojardins.com\/en\/completed-projects\/the-greenhouses-of-the-jardin-exotique-de-monaco\/img_7988\/'><img loading=\"lazy\" decoding=\"async\" width=\"150\" height=\"150\" src=\"https:\/\/www.narminojardins.com\/wp-content\/uploads\/2017\/12\/amenagement-des-nouvelles-serres-du-jardin-exotique-3-150x150.jpg\" class=\"attachment-thumbnail size-thumbnail\" alt=\"Installation of new greenhouses in the Exotic Garden\" aria-describedby=\"gallery-1-2215\" \/><\/a>\n\t\t\t<\/div>\n\t\t\t\t<figcaption class='wp-caption-text gallery-caption' id='gallery-1-2215'>\n\t\t\t\tInstallation of new greenhouses in the Exotic Garden\n\t\t\t\t<\/figcaption><\/figure><figure class='gallery-item'>\n\t\t\t<div class='gallery-icon portrait'>\n\t\t\t\t<a href='https:\/\/www.narminojardins.com\/en\/completed-projects\/the-greenhouses-of-the-jardin-exotique-de-monaco\/img_7978\/'><img loading=\"lazy\" decoding=\"async\" width=\"150\" height=\"150\" src=\"https:\/\/www.narminojardins.com\/wp-content\/uploads\/2017\/12\/nouvelles-serres-du-jardin-exotique-4-150x150.jpg\" class=\"attachment-thumbnail size-thumbnail\" alt=\"Installation of new greenhouses in the Exotic Garden\" aria-describedby=\"gallery-1-2214\" \/><\/a>\n\t\t\t<\/div>\n\t\t\t\t<figcaption class='wp-caption-text gallery-caption' id='gallery-1-2214'>\n\t\t\t\tInstallation of new greenhouses in the Exotic Garden\n\t\t\t\t<\/figcaption><\/figure><figure class='gallery-item'>\n\t\t\t<div class='gallery-icon portrait'>\n\t\t\t\t<a href='https:\/\/www.narminojardins.com\/en\/completed-projects\/the-greenhouses-of-the-jardin-exotique-de-monaco\/img_8546\/'><img loading=\"lazy\" decoding=\"async\" width=\"150\" height=\"150\" src=\"https:\/\/www.narminojardins.com\/wp-content\/uploads\/2017\/12\/nouvelles-serres-du-jardin-exotique-5-150x150.jpg\" class=\"attachment-thumbnail size-thumbnail\" alt=\"Installation of new greenhouses in the Exotic Garden\" aria-describedby=\"gallery-1-2213\" \/><\/a>\n\t\t\t<\/div>\n\t\t\t\t<figcaption class='wp-caption-text gallery-caption' id='gallery-1-2213'>\n\t\t\t\tInstallation of new greenhouses in the Exotic Garden\n\t\t\t\t<\/figcaption><\/figure><figure class='gallery-item'>\n\t\t\t<div class='gallery-icon portrait'>\n\t\t\t\t<a href='https:\/\/www.narminojardins.com\/en\/completed-projects\/the-greenhouses-of-the-jardin-exotique-de-monaco\/img_8541\/'><img loading=\"lazy\" decoding=\"async\" width=\"150\" height=\"150\" src=\"https:\/\/www.narminojardins.com\/wp-content\/uploads\/2017\/12\/amenagement-serres-jardin-exotique-monaco-150x150.jpg\" class=\"attachment-thumbnail size-thumbnail\" alt=\"Installation of new greenhouses in the Exotic Garden\" aria-describedby=\"gallery-1-2212\" \/><\/a>\n\t\t\t<\/div>\n\t\t\t\t<figcaption class='wp-caption-text gallery-caption' id='gallery-1-2212'>\n\t\t\t\tInstallation of new greenhouses in the Exotic Garden\n\t\t\t\t<\/figcaption><\/figure><figure class='gallery-item'>\n\t\t\t<div class='gallery-icon portrait'>\n\t\t\t\t<a href='https:\/\/www.narminojardins.com\/en\/realization-of-the-greening-of-the-le-stella-building-in-monaco\/img_7482-2\/'><img loading=\"lazy\" decoding=\"async\" width=\"150\" height=\"150\" src=\"https:\/\/www.narminojardins.com\/wp-content\/uploads\/2017\/12\/vegetalisation-de-l-immeuble-le-stella-a-monaco-150x150.jpg\" class=\"attachment-thumbnail size-thumbnail\" alt=\"Vegetation of the Stella building in Monaco\" aria-describedby=\"gallery-1-2363\" \/><\/a>\n\t\t\t<\/div>\n\t\t\t\t<figcaption class='wp-caption-text gallery-caption' id='gallery-1-2363'>\n\t\t\t\tV\u00e9g\u00e9talisation de l&#8217;immeuble le Stella \u00e0 Monaco\n\t\t\t\t<\/figcaption><\/figure><figure class='gallery-item'>\n\t\t\t<div class='gallery-icon landscape'>\n\t\t\t\t<a href='https:\/\/www.narminojardins.com\/en\/completed-projects\/the-greenhouses-of-the-jardin-exotique-de-monaco\/img_7176\/'><img loading=\"lazy\" decoding=\"async\" width=\"150\" height=\"150\" src=\"https:\/\/www.narminojardins.com\/wp-content\/uploads\/2017\/12\/vue-d-ensemble-des-nouvelles-serres-150x150.jpg\" class=\"attachment-thumbnail size-thumbnail\" alt=\"Installation of new greenhouses in the Exotic Garden\" aria-describedby=\"gallery-1-2218\" \/><\/a>\n\t\t\t<\/div>\n\t\t\t\t<figcaption class='wp-caption-text gallery-caption' id='gallery-1-2218'>\n\t\t\t\tInstallation of new greenhouses in the Exotic Garden\n\t\t\t\t<\/figcaption><\/figure><figure class='gallery-item'>\n\t\t\t<div class='gallery-icon portrait'>\n\t\t\t\t<a href='https:\/\/www.narminojardins.com\/en\/completed-projects\/the-greenhouses-of-the-jardin-exotique-de-monaco\/img_7175\/'><img loading=\"lazy\" decoding=\"async\" width=\"150\" height=\"150\" src=\"https:\/\/www.narminojardins.com\/wp-content\/uploads\/2017\/12\/deplacement-par-grue-d-un-cactus-150x150.jpg\" class=\"attachment-thumbnail size-thumbnail\" alt=\"Installation of new greenhouses in the Exotic Garden\" aria-describedby=\"gallery-1-2222\" \/><\/a>\n\t\t\t<\/div>\n\t\t\t\t<figcaption class='wp-caption-text gallery-caption' id='gallery-1-2222'>\n\t\t\t\tInstallation of new greenhouses in the Exotic Garden\n\t\t\t\t<\/figcaption><\/figure><figure class='gallery-item'>\n\t\t\t<div class='gallery-icon portrait'>\n\t\t\t\t<a href='https:\/\/www.narminojardins.com\/en\/completed-projects\/the-greenhouses-of-the-jardin-exotique-de-monaco\/img_7504\/'><img loading=\"lazy\" decoding=\"async\" width=\"150\" height=\"150\" src=\"https:\/\/www.narminojardins.com\/wp-content\/uploads\/2017\/12\/narmino-jardins-au-travail-150x150.jpg\" class=\"attachment-thumbnail size-thumbnail\" alt=\"Installation of new greenhouses in the Exotic Garden\" aria-describedby=\"gallery-1-2221\" \/><\/a>\n\t\t\t<\/div>\n\t\t\t\t<figcaption class='wp-caption-text gallery-caption' id='gallery-1-2221'>\n\t\t\t\tInstallation of new greenhouses in the Exotic Garden\n\t\t\t\t<\/figcaption><\/figure><figure class='gallery-item'>\n\t\t\t<div class='gallery-icon portrait'>\n\t\t\t\t<a href='https:\/\/www.narminojardins.com\/en\/completed-projects\/the-greenhouses-of-the-jardin-exotique-de-monaco\/img_7498\/'><img loading=\"lazy\" decoding=\"async\" width=\"150\" height=\"150\" src=\"https:\/\/www.narminojardins.com\/wp-content\/uploads\/2017\/12\/deplacement-par-grue-d-un-cactus-2-150x150.jpg\" class=\"attachment-thumbnail size-thumbnail\" alt=\"Installation of new greenhouses in the Exotic Garden\" aria-describedby=\"gallery-1-2220\" \/><\/a>\n\t\t\t<\/div>\n\t\t\t\t<figcaption class='wp-caption-text gallery-caption' id='gallery-1-2220'>\n\t\t\t\tInstallation of new greenhouses in the Exotic Garden\n\t\t\t\t<\/figcaption><\/figure><figure class='gallery-item'>\n\t\t\t<div class='gallery-icon portrait'>\n\t\t\t\t<a href='https:\/\/www.narminojardins.com\/en\/completed-projects\/the-greenhouses-of-the-jardin-exotique-de-monaco\/img_7496\/'><img loading=\"lazy\" decoding=\"async\" width=\"150\" height=\"150\" src=\"https:\/\/www.narminojardins.com\/wp-content\/uploads\/2017\/12\/deplacement-par-grue-d-un-cactus-3-150x150.jpg\" class=\"attachment-thumbnail size-thumbnail\" alt=\"Installation of new greenhouses in the Exotic Garden\" aria-describedby=\"gallery-1-2219\" \/><\/a>\n\t\t\t<\/div>\n\t\t\t\t<figcaption class='wp-caption-text gallery-caption' id='gallery-1-2219'>\n\t\t\t\tInstallation of new greenhouses in the Exotic Garden\n\t\t\t\t<\/figcaption><\/figure><figure class='gallery-item'>\n\t\t\t<div class='gallery-icon portrait'>\n\t\t\t\t<a href='https:\/\/www.narminojardins.com\/en\/completed-projects\/the-greenhouses-of-the-jardin-exotique-de-monaco\/img_7457\/'><img loading=\"lazy\" decoding=\"async\" width=\"150\" height=\"150\" src=\"https:\/\/www.narminojardins.com\/wp-content\/uploads\/2017\/12\/deplacement-par-camion-d-un-cactus-au-jardin-exotique-de-monaco-150x150.jpg\" class=\"attachment-thumbnail size-thumbnail\" alt=\"Installation of new greenhouses in the Exotic Garden\" aria-describedby=\"gallery-1-2224\" \/><\/a>\n\t\t\t<\/div>\n\t\t\t\t<figcaption class='wp-caption-text gallery-caption' id='gallery-1-2224'>\n\t\t\t\tInstallation of new greenhouses in the Exotic Garden\n\t\t\t\t<\/figcaption><\/figure><figure class='gallery-item'>\n\t\t\t<div class='gallery-icon portrait'>\n\t\t\t\t<a href='https:\/\/www.narminojardins.com\/en\/completed-projects\/the-greenhouses-of-the-jardin-exotique-de-monaco\/img_7453\/'><img loading=\"lazy\" decoding=\"async\" width=\"150\" height=\"150\" src=\"https:\/\/www.narminojardins.com\/wp-content\/uploads\/2017\/12\/l-entreprise-de-jardinage-narmino-jardins-au-travail-150x150.jpg\" class=\"attachment-thumbnail size-thumbnail\" alt=\"Installation of new greenhouses in the Exotic Garden\" aria-describedby=\"gallery-1-2223\" \/><\/a>\n\t\t\t<\/div>\n\t\t\t\t<figcaption class='wp-caption-text gallery-caption' id='gallery-1-2223'>\n\t\t\t\tInstallation of new greenhouses in the Exotic Garden\n\t\t\t\t<\/figcaption><\/figure><figure class='gallery-item'>\n\t\t\t<div class='gallery-icon portrait'>\n\t\t\t\t<a href='https:\/\/www.narminojardins.com\/en\/completed-projects\/the-greenhouses-of-the-jardin-exotique-de-monaco\/img_7324\/'><img loading=\"lazy\" decoding=\"async\" width=\"150\" height=\"150\" src=\"https:\/\/www.narminojardins.com\/wp-content\/uploads\/2017\/12\/l-entreprise-de-jardinage-narmino-jardins-au-travail-2-150x150.jpg\" class=\"attachment-thumbnail size-thumbnail\" alt=\"Installation of new greenhouses in the Exotic Garden\" aria-describedby=\"gallery-1-2227\" \/><\/a>\n\t\t\t<\/div>\n\t\t\t\t<figcaption class='wp-caption-text gallery-caption' id='gallery-1-2227'>\n\t\t\t\tInstallation of new greenhouses in the Exotic Garden\n\t\t\t\t<\/figcaption><\/figure><figure class='gallery-item'>\n\t\t\t<div class='gallery-icon landscape'>\n\t\t\t\t<a href='https:\/\/www.narminojardins.com\/en\/completed-projects\/the-greenhouses-of-the-jardin-exotique-de-monaco\/img_7269\/'><img loading=\"lazy\" decoding=\"async\" width=\"150\" height=\"150\" src=\"https:\/\/www.narminojardins.com\/wp-content\/uploads\/2017\/12\/narmino-jardins-au-travail-3-150x150.jpg\" class=\"attachment-thumbnail size-thumbnail\" alt=\"Installation of new greenhouses in the Exotic Garden\" aria-describedby=\"gallery-1-2226\" \/><\/a>\n\t\t\t<\/div>\n\t\t\t\t<figcaption class='wp-caption-text gallery-caption' id='gallery-1-2226'>\n\t\t\t\tInstallation of new greenhouses in the Exotic Garden\n\t\t\t\t<\/figcaption><\/figure>\n\t\t<\/div>\n\n","protected":false},"excerpt":{"rendered":"<p>In 2017, we executed the construction work for the Jardin Exotique de Monaco\u2019s new greenhouses. The task was especially challenging due to the configuration of the site. Below is a video of a transplantation of an olive tree weighing more than 20 tons. Below are some photos of the new&#8230;<\/p>\n","protected":false},"author":1,"featured_media":0,"parent":2103,"menu_order":0,"comment_status":"closed","ping_status":"closed","template":"","meta":{"footnotes":""},"class_list":["post-2110","page","type-page","status-publish","hentry"],"aioseo_notices":[],"amp_enabled":true,"_links":{"self":[{"href":"https:\/\/www.narminojardins.com\/en\/wp-json\/wp\/v2\/pages\/2110","targetHints":{"allow":["GET"]}}],"collection":[{"href":"https:\/\/www.narminojardins.com\/en\/wp-json\/wp\/v2\/pages"}],"about":[{"href":"https:\/\/www.narminojardins.com\/en\/wp-json\/wp\/v2\/types\/page"}],"author":[{"embeddable":true,"href":"https:\/\/www.narminojardins.com\/en\/wp-json\/wp\/v2\/users\/1"}],"replies":[{"embeddable":true,"href":"https:\/\/www.narminojardins.com\/en\/wp-json\/wp\/v2\/comments?post=2110"}],"version-history":[{"count":0,"href":"https:\/\/www.narminojardins.com\/en\/wp-json\/wp\/v2\/pages\/2110\/revisions"}],"up":[{"embeddable":true,"href":"https:\/\/www.narminojardins.com\/en\/wp-json\/wp\/v2\/pages\/2103"}],"wp:attachment":[{"href":"https:\/\/www.narminojardins.com\/en\/wp-json\/wp\/v2\/media?parent=2110"}],"curies":[{"name":"wp","href":"https:\/\/api.w.org\/{rel}","templated":true}]}}