{"id":2237,"date":"2018-07-18T10:50:11","date_gmt":"2018-07-18T08:50:11","guid":{"rendered":"http:\/\/www.narminojardins.com\/?page_id=2237\/"},"modified":"2018-07-20T14:48:41","modified_gmt":"2018-07-20T12:48:41","slug":"a-monaco-gardener","status":"publish","type":"page","link":"https:\/\/www.narminojardins.com\/en\/our-areas-of-expertise\/a-monaco-gardener\/","title":{"rendered":"A Monaco Gardener"},"content":{"rendered":"<p><strong>Narmino Jardins<\/strong>, landscape gardener in Monaco, will support you in all your <a href=\"https:\/\/www.narminojardins.com\/en\/garden-and-green-space-design\/\">garden design<\/a> projects. With several decades\u2019 experience in this domain, it is our pleasure to advise you on the landscaping of your green spaces. Whether for a private residence, a building, a garden, or a humble balcony, it is our pleasure to work with Monegasque residents so they may benefit from the excellence of our services.<\/p>\n<p><em>Gardening is a demanding profession that requires experience, attentiveness, and resources.<\/em> We guarantee you these qualities, and ensure that you benefit from them, just as our longest-standing clients have benefited from them.<\/p>\n<p>We have completed innumerable projects in the Principality of Monaco: from the <strong>Jardin Exotique de Monaco<\/strong>, to private clients in the <strong>Tour Od\u00e9on<\/strong> or in the new building <strong>La Petite Afrique<\/strong>, whether private clients (banks, businesses, etc&#8230;.) or institutional clients such as <strong>Monaco\u2019s City Hall<\/strong>, all benefit from <strong>Narmino Jardins<\/strong>\u2019 quality of service.<\/p>\n<p>For more information or to make an appointment, go to the <a href=\"https:\/\/www.narminojardins.com\/en\/contact-us\/\">contact page<\/a>.<\/p>\n<p><iframe loading=\"lazy\" width=\"790\" height=\"444\" src=\"https:\/\/www.youtube.com\/embed\/pN35pvde5pA?feature=oembed\" frameborder=\"0\" allow=\"autoplay; encrypted-media\" allowfullscreen><\/iframe><\/p>\n<hr \/>\n<h3>Monaco and its Green Spaces: A Place of Privilege<\/h3>\n<p>The Principality of Monaco, somewhat isolated within its <strong>200 hectares<\/strong>, is no less one of Europe\u2019s most flowering cities, and this despite its image as a super-urbanized city. Each resident has an average of <strong>14m\u00b2 of green space<\/strong> at his disposal (source: Conseil G\u00e9n\u00e9ral du D\u00e9partement des Alpes-Maritimes), which is much more than that of his closest neighbors&#8230;<\/p>\n<p>In addition to the very numerous private gardens of Monaco\u2019s individual residencies and large complexes, we can also count its ten public parks, among the world\u2019s most magnificent, and which innumerable gardeners maintain daily. You can find a relatively exhaustive list of these gardens by clicking <a href=\"http:\/\/www.visitmonaco.com\/fr\/A-voir,-A-faire\/Jardins\" target=\"_blank\" rel=\"noopener\">here<\/a>.<\/p>\n<p>For <strong>Narmino Jardins<\/strong>, being one of the principal local economic actors in the field of gardening is thus understandably as much a pleasure as it is a challenge to which we respond day after day. In Monaco, only excellence is accepted. Motivated by this unique spirit, we hope to put our abilities at your service, and at the service of your green spaces.<\/p>\n","protected":false},"excerpt":{"rendered":"<p>Narmino Jardins, landscape gardener in Monaco, will support you in all your garden design projects. With several decades\u2019 experience in this domain, it is our pleasure to advise you on the landscaping of your green spaces. Whether for a private residence, a building, a garden, or a humble balcony, it&#8230;<\/p>\n","protected":false},"author":1,"featured_media":0,"parent":2235,"menu_order":0,"comment_status":"closed","ping_status":"closed","template":"","meta":{"footnotes":""},"class_list":["post-2237","page","type-page","status-publish","hentry"],"aioseo_notices":[],"amp_enabled":true,"_links":{"self":[{"href":"https:\/\/www.narminojardins.com\/en\/wp-json\/wp\/v2\/pages\/2237","targetHints":{"allow":["GET"]}}],"collection":[{"href":"https:\/\/www.narminojardins.com\/en\/wp-json\/wp\/v2\/pages"}],"about":[{"href":"https:\/\/www.narminojardins.com\/en\/wp-json\/wp\/v2\/types\/page"}],"author":[{"embeddable":true,"href":"https:\/\/www.narminojardins.com\/en\/wp-json\/wp\/v2\/users\/1"}],"replies":[{"embeddable":true,"href":"https:\/\/www.narminojardins.com\/en\/wp-json\/wp\/v2\/comments?post=2237"}],"version-history":[{"count":0,"href":"https:\/\/www.narminojardins.com\/en\/wp-json\/wp\/v2\/pages\/2237\/revisions"}],"up":[{"embeddable":true,"href":"https:\/\/www.narminojardins.com\/en\/wp-json\/wp\/v2\/pages\/2235"}],"wp:attachment":[{"href":"https:\/\/www.narminojardins.com\/en\/wp-json\/wp\/v2\/media?parent=2237"}],"curies":[{"name":"wp","href":"https:\/\/api.w.org\/{rel}","templated":true}]}}