{"id":5711,"date":"2021-06-07T10:54:42","date_gmt":"2021-06-07T08:54:42","guid":{"rendered":"https:\/\/www.narminojardins.com\/?page_id=5711"},"modified":"2021-09-08T13:07:48","modified_gmt":"2021-09-08T11:07:48","slug":"privacy-and-cookie-policies","status":"publish","type":"page","link":"https:\/\/www.narminojardins.com\/en\/privacy-and-cookie-policies\/","title":{"rendered":"Privacy and cookie policies"},"content":{"rendered":"<h2>Informations g\u00e9n\u00e9rales<\/h2>\r\n<p>&nbsp;<\/p>\r\n<p>Conform\u00e9ment \u00e0 la r\u00e9glementation applicable (Loi mon\u00e9gasque n\u00b0 1.165, du 23 d\u00e9cembre 1993, modifi\u00e9e) en mati\u00e8re de protection des informations nominatives vous concernant, vous disposez d\u2019un droit individuel d\u2019opposition, d\u2019acc\u00e8s et de rectification. Vous pouvez exercer ces droits en adressant votre demande soit en ligne via la page <a href=\"https:\/\/www.narminojardins.com\/nous-contacter\/\">contact<\/a> de ce site, soit par courrier postal recommand\u00e9 adress\u00e9 \u00e0 Narmino Jardins, 1 rue Grimaldi, MC 98000 MONACO. En compl\u00e9ment de cette page, nous vous invitons \u00e0 consulter aussi les autres dispositions relatives au recueil et \u00e0 la protection des donn\u00e9es personnelles des visiteurs et des clients du site, ainsi que notre politique en mati\u00e8re d&#8217;utilisation de cookies sur la page des <a href=\"https:\/\/www.narminojardins.com\/mentions-legales\/\">Mentions l\u00e9gales<\/a>. La SARL Narmino Jardins exploite les traitements automatis\u00e9s ayant les finalit\u00e9s suivantes : Gestion des comptes clients Gestion des commandes Gestion de la newsletter Analyses statistiques Prospection commerciale Suivi des dossiers clients<\/p>\r\n<p>&nbsp;<\/p>\r\n<h2><\/h2>\r\n<h2 class=\"wp-block-heading\">Qui sommes-nous\u00a0?<\/h2>\r\n<p>&nbsp;<\/p>\r\n<h2>\r\n\r\n<\/h2>\r\n<p>Soci\u00e9t\u00e9 : NARMINO JARDINS Sarl Adresse : 1 rue Grimaldi, 98000 MONACO L\u2019adresse de notre site Web est : https:\/\/www.narminojardins.com<\/p>\r\n<p>&nbsp;<\/p>\r\n<h2>\r\n\r\n<\/h2>\r\n<h2 class=\"wp-block-heading\">Utilisation des donn\u00e9es personnelles collect\u00e9es<\/h2>\r\n<p>&nbsp;<\/p>\r\n<h2>\r\n\r\n<\/h2>\r\n<h3 class=\"wp-block-heading\">Commentaires<\/h3>\r\n<p>&nbsp;<\/p>\r\n<h2>\r\n\r\n<\/h2>\r\n<p>Quand vous laissez un commentaire sur notre site web, les donn\u00e9es inscrites dans le formulaire de commentaire, mais aussi votre adresse IP et l\u2019agent utilisateur de votre navigateur sont collect\u00e9s pour nous aider \u00e0 la d\u00e9tection des commentaires ind\u00e9sirables.<\/p>\r\n<p>&nbsp;<\/p>\r\n<h2>\r\n\r\n<\/h2>\r\n<p>Une cha\u00eene anonymis\u00e9e cr\u00e9\u00e9e \u00e0 partir de votre adresse de messagerie (\u00e9galement appel\u00e9e hash) peut \u00eatre envoy\u00e9e au service Gravatar pour v\u00e9rifier si vous utilisez ce dernier. Les clauses de confidentialit\u00e9 du service Gravatar sont disponibles ici\u00a0: https:\/\/automattic.com\/privacy\/. Apr\u00e8s validation de votre commentaire, votre photo de profil sera visible publiquement \u00e0 cot\u00e9 de votre commentaire.<\/p>\r\n<p>&nbsp;<\/p>\r\n<h2>\r\n\r\n<\/h2>\r\n<h3 class=\"wp-block-heading\">M\u00e9dias<\/h3>\r\n<p>&nbsp;<\/p>\r\n<h2>\r\n\r\n<\/h2>\r\n<p>Si vous \u00eates un utilisateur ou une utilisatrice enregistr\u00e9\u00b7e et que vous t\u00e9l\u00e9versez des images sur le site web, nous vous conseillons d\u2019\u00e9viter de t\u00e9l\u00e9verser des images contenant des donn\u00e9es EXIF de coordonn\u00e9es GPS. Les visiteurs de votre site web peuvent t\u00e9l\u00e9charger et extraire des donn\u00e9es de localisation depuis ces images.<\/p>\r\n<p>&nbsp;<\/p>\r\n<h2>\r\n\r\n<\/h2>\r\n<h3 class=\"wp-block-heading\">Formulaires de contact<\/h3>\r\n<p>&nbsp;<\/p>\r\n<p>Ce site web vous donne la possibilit\u00e9 d&#8217;utiliser un formulaire pour nous contacter. Des champs vous seront propos\u00e9s qui vous demanderont certaines informations personnelles comme votre nom, votre pr\u00e9nom, votre email, votre num\u00e9ro de t\u00e9l\u00e9phone ou votre adresse postale. Toutes ces informations seront stock\u00e9es de mani\u00e8re s\u00e9curis\u00e9e. Vous disposez d&#8217;un droit d&#8217;acc\u00e8s, de rectification et de suppression concernant ces donn\u00e9es.<\/p>\r\n<p>&nbsp;<\/p>\r\n<h2>\r\n\r\n<\/h2>\r\n<h3 class=\"wp-block-heading\">Cookies<\/h3>\r\n<p>&nbsp;<\/p>\r\n<h2>\r\n\r\n<\/h2>\r\n<p>Si vous d\u00e9posez un commentaire sur notre site, il vous sera propos\u00e9 d\u2019enregistrer votre nom, adresse de messagerie et site web dans des cookies. C\u2019est uniquement pour votre confort afin de ne pas avoir \u00e0 saisir ces informations si vous d\u00e9posez un autre commentaire plus tard. Ces cookies expirent au bout d\u2019un an.<\/p>\r\n<p>&nbsp;<\/p>\r\n<h2>\r\n\r\n<\/h2>\r\n<p>Si vous vous rendez sur la page de connexion, un cookie temporaire sera cr\u00e9\u00e9 afin de d\u00e9terminer si votre navigateur accepte les cookies. Il ne contient pas de donn\u00e9es personnelles et sera supprim\u00e9 automatiquement \u00e0 la fermeture de votre navigateur.<\/p>\r\n<p>&nbsp;<\/p>\r\n<h2>\r\n\r\n<\/h2>\r\n<p>Lorsque vous vous connecterez, nous mettrons en place un certain nombre de cookies pour enregistrer vos informations de connexion et vos pr\u00e9f\u00e9rences d\u2019\u00e9cran. La dur\u00e9e de vie d\u2019un cookie de connexion est de deux jours, celle d\u2019un cookie d\u2019option d\u2019\u00e9cran est d\u2019un an. Si vous cochez \u00ab\u00a0Se souvenir de moi\u00a0\u00bb, votre cookie de connexion sera conserv\u00e9 pendant deux semaines. Si vous vous d\u00e9connectez de votre compte, le cookie de connexion sera effac\u00e9.<\/p>\r\n<p>&nbsp;<\/p>\r\n<h2>\r\n\r\n<\/h2>\r\n<p>En modifiant ou en publiant une publication, un cookie suppl\u00e9mentaire sera enregistr\u00e9 dans votre navigateur. Ce cookie ne comprend aucune donn\u00e9e personnelle. Il indique simplement l\u2019ID de la publication que vous venez de modifier. Il expire au bout d\u2019un jour.<\/p>\r\n<p>&nbsp;<\/p>\r\n<h2>\r\n\r\n<\/h2>\r\n<h3 class=\"wp-block-heading\">Contenu embarqu\u00e9 depuis d\u2019autres sites<\/h3>\r\n<p>&nbsp;<\/p>\r\n<h2>\r\n\r\n<\/h2>\r\n<p>Les articles de ce site peuvent inclure des contenus int\u00e9gr\u00e9s (par exemple des vid\u00e9os, images, articles\u2026). Le contenu int\u00e9gr\u00e9 depuis d\u2019autres sites se comporte de la m\u00eame mani\u00e8re que si le visiteur se rendait sur cet autre site.<\/p>\r\n<p>&nbsp;<\/p>\r\n<h2>\r\n\r\n<\/h2>\r\n<p>Ces sites web pourraient collecter des donn\u00e9es sur vous, utiliser des cookies, embarquer des outils de suivis tiers, suivre vos interactions avec ces contenus embarqu\u00e9s si vous disposez d\u2019un compte connect\u00e9 sur leur site web.<\/p>\r\n<p>&nbsp;<\/p>\r\n<h2>\r\n\r\n<\/h2>\r\n<h3 class=\"wp-block-heading\">Statistiques et mesures d\u2019audience<\/h3>\r\n<p>&nbsp;<\/p>\r\n<p>Ce site web utilise des solutions tierces pour permettre des statistiques de visite et des mesures d&#8217;audience. La plupart sont bas\u00e9es sur les solutions propos\u00e9es par Google et sont donc s\u00fbres et respectueuses de votre vie priv\u00e9e.<\/p>\r\n<p>&nbsp;<\/p>\r\n<h2>\r\n\r\n<\/h2>\r\n<h2 class=\"wp-block-heading\">Utilisation et transmission de vos donn\u00e9es personnelles<\/h2>\r\n<p>&nbsp;<\/p>\r\n<p>Les donn\u00e9es que vous pouvez nous soumettre sur ce site, via email ou via formulaire de contact seront utilis\u00e9es afin de traiter votre demande dans le cadre de l&#8217;objet social de la soci\u00e9t\u00e9. Aucune transmission \u00e0 des tiers ne sera faite sauf \u00e0 ce qu&#8217;une telle transmission soit n\u00e9cessaire au bon fonctionnement technique du site web (prestataire informatique par exemple), ou n\u00e9cessaire \u00e0 r\u00e9pondre \u00e0 la question que vous seriez amen\u00e9 \u00e0 nous poser si celle-ci demande l&#8217;avis d&#8217;une personne ext\u00e9rieure par exemple.<\/p>\r\n<p>&nbsp;<\/p>\r\n<h2>\r\n\r\n<\/h2>\r\n<h2 class=\"wp-block-heading\">Dur\u00e9es de stockage de vos donn\u00e9es<\/h2>\r\n<p>&nbsp;<\/p>\r\n<h2>\r\n\r\n<\/h2>\r\n<p>Si vous laissez un commentaire, le commentaire et ses m\u00e9tadonn\u00e9es sont conserv\u00e9s ind\u00e9finiment. Cela permet de reconna\u00eetre et approuver automatiquement les commentaires suivants au lieu de les laisser dans la file de mod\u00e9ration.<\/p>\r\n<p>&nbsp;<\/p>\r\n<h2>\r\n\r\n<\/h2>\r\n<p>Pour les utilisateurs et utilisatrices qui s\u2019enregistrent sur notre site (si cela est possible), nous stockons \u00e9galement les donn\u00e9es personnelles indiqu\u00e9es dans leur profil. Tous les utilisateurs et utilisatrices peuvent voir, modifier ou supprimer leurs informations personnelles \u00e0 tout moment (\u00e0 l\u2019exception de leur nom d\u2019utilisateur\u00b7ice). Les gestionnaires du site peuvent aussi voir et modifier ces informations.<\/p>\r\n<p>&nbsp;<\/p>\r\n<h2>\r\n\r\n<\/h2>\r\n<h2 class=\"wp-block-heading\">Les droits que vous avez sur vos donn\u00e9es<\/h2>\r\n<p>&nbsp;<\/p>\r\n<h2>\r\n\r\n<\/h2>\r\n<p>Si vous avez un compte ou si vous avez laiss\u00e9 des commentaires sur le site, vous pouvez demander \u00e0 recevoir un fichier contenant toutes les donn\u00e9es personnelles que nous poss\u00e9dons \u00e0 votre sujet, incluant celles que vous nous avez fournies. Vous pouvez \u00e9galement demander la suppression des donn\u00e9es personnelles vous concernant. Cela ne prend pas en compte les donn\u00e9es stock\u00e9es \u00e0 des fins administratives, l\u00e9gales ou pour des raisons de s\u00e9curit\u00e9.<\/p>\r\n<p>&nbsp;<\/p>\r\n<h2>\r\n\r\n<\/h2>\r\n<h2 class=\"wp-block-heading\">Transmission de vos donn\u00e9es personnelles<\/h2>\r\n<p>&nbsp;<\/p>\r\n<h2>\r\n\r\n<\/h2>\r\n<p>Les commentaires des visiteurs peuvent \u00eatre v\u00e9rifi\u00e9s \u00e0 l\u2019aide d\u2019un service automatis\u00e9 de d\u00e9tection des commentaires ind\u00e9sirables.<\/p>\r\n<p>&nbsp;<\/p>\r\n<h2>\r\n\r\n<\/h2>\r\n<h2 class=\"wp-block-heading\">Informations de contact<\/h2>\r\n<p>&nbsp;<\/p>\r\n<p>Vous pouvez contacter le secr\u00e9tariat de l&#8217;entreprise ici (remplacer les crochets par les caract\u00e8res correspondants) : info [arobase] narminojardins [point] com Et contacter le responsable du traitement des donn\u00e9es informatiques ici : Nicolas Matile, Narmino Jardins, 1 rue Grimaldi, 98000 MONACO ou depuis la page : https:\/\/www.narmino.com\/contacts\/<\/p>\r\n<p>&nbsp;<\/p>\r\n<h2>\r\n\r\n<\/h2>\r\n<h2 class=\"wp-block-heading\">Informations suppl\u00e9mentaires<\/h2>\r\n<p>&nbsp;<\/p>\r\n<h2>\r\n\r\n<\/h2>\r\n<h3 class=\"wp-block-heading\">Comment nous prot\u00e9geons vos donn\u00e9es<\/h3>\r\n<p>&nbsp;<\/p>\r\n<p>Vos donn\u00e9es sont prot\u00e9g\u00e9es par la mise en place des meilleures mesures de s\u00e9curit\u00e9 et dans le respect des bons usages propres \u00e0 la gestion d&#8217;un site internet de ce type : h\u00e9bergeur de qualit\u00e9, pr\u00e9sence de logiciels antivirus sur tous les postes, mises \u00e0 jour r\u00e9guli\u00e8res des plugins et du syst\u00e8me.<\/p>\r\n<p>&nbsp;<\/p>\r\n<h2>\r\n\r\n<\/h2>\r\n<h3 class=\"wp-block-heading\">Proc\u00e9dures mises en \u0153uvre en cas de fuite de donn\u00e9es<\/h3>\r\n<p>&nbsp;<\/p>\r\n<p>En cas de fuite de donn\u00e9es, nous t\u00e2cherons d&#8217;avertir nos clients par email d\u00e8s que nous aurons pris connaissance du probl\u00e8me, dans la mesure o\u00f9 celui-ci porte atteinte \u00e0 l&#8217;int\u00e9grit\u00e9 des donn\u00e9es personnelles de nos clients.<\/p>\r\n<p>&nbsp;<\/p>\r\n<h2>\r\n\r\n<\/h2>\r\n<h3 class=\"wp-block-heading\">Les services tiers qui nous transmettent des donn\u00e9es<\/h3>\r\n<p>&nbsp;<\/p>\r\n<p>Nous n&#8217;obtenons pas vos donn\u00e9es personnelles par d&#8217;autres moyens que ceux propos\u00e9s sur ce site internet.<\/p>\r\n<p>&nbsp;<\/p>\r\n<h2>\r\n\r\n<\/h2>\r\n<h3 class=\"wp-block-heading\">Op\u00e9rations de marketing automatis\u00e9 et\/ou de profilage r\u00e9alis\u00e9es \u00e0 l\u2019aide des donn\u00e9es personnelles<\/h3>\r\n<p>&nbsp;<\/p>\r\n<p>Nous pouvons \u00eatre amen\u00e9 \u00e0 envoyer \u00e0 nos clients enregistr\u00e9s une newsletter (lettre d&#8217;information) de temps \u00e0 autre.<\/p>\r\n<p>&nbsp;<\/p>\r\n<h2>\r\n\r\n<\/h2>\r\n<h3 class=\"wp-block-heading\">Affichage des informations li\u00e9es aux secteurs soumis \u00e0 des r\u00e9gulations sp\u00e9cifiques<\/h3>\r\n<p>&nbsp;<\/p>\r\n<p>Notre secteur d&#8217;activit\u00e9 ne fait pas partie des secteurs soumis \u00e0 des r\u00e9gulations sp\u00e9cifiques.<\/p>\r\n<p>&nbsp;<\/p>\r\n<h2><!-- \/wp:post-content --><\/h2>\r\n<!-- \/wp:heading --><!-- \/wp:heading -->","protected":false},"excerpt":{"rendered":"<p>Informations g\u00e9n\u00e9rales &nbsp; Conform\u00e9ment \u00e0 la r\u00e9glementation applicable (Loi mon\u00e9gasque n\u00b0 1.165, du 23 d\u00e9cembre 1993, modifi\u00e9e) en mati\u00e8re de protection des informations nominatives vous concernant, vous disposez d\u2019un droit individuel d\u2019opposition, d\u2019acc\u00e8s et de rectification. Vous pouvez exercer ces droits en adressant votre demande soit en ligne via la&#8230;<\/p>\n","protected":false},"author":1,"featured_media":0,"parent":0,"menu_order":0,"comment_status":"closed","ping_status":"closed","template":"","meta":{"footnotes":""},"class_list":["post-5711","page","type-page","status-publish","hentry"],"aioseo_notices":[],"amp_enabled":true,"_links":{"self":[{"href":"https:\/\/www.narminojardins.com\/en\/wp-json\/wp\/v2\/pages\/5711","targetHints":{"allow":["GET"]}}],"collection":[{"href":"https:\/\/www.narminojardins.com\/en\/wp-json\/wp\/v2\/pages"}],"about":[{"href":"https:\/\/www.narminojardins.com\/en\/wp-json\/wp\/v2\/types\/page"}],"author":[{"embeddable":true,"href":"https:\/\/www.narminojardins.com\/en\/wp-json\/wp\/v2\/users\/1"}],"replies":[{"embeddable":true,"href":"https:\/\/www.narminojardins.com\/en\/wp-json\/wp\/v2\/comments?post=5711"}],"version-history":[{"count":0,"href":"https:\/\/www.narminojardins.com\/en\/wp-json\/wp\/v2\/pages\/5711\/revisions"}],"wp:attachment":[{"href":"https:\/\/www.narminojardins.com\/en\/wp-json\/wp\/v2\/media?parent=5711"}],"curies":[{"name":"wp","href":"https:\/\/api.w.org\/{rel}","templated":true}]}}